{"id":9,"date":"2013-02-26T16:24:05","date_gmt":"2013-02-26T14:24:05","guid":{"rendered":"http:\/\/www.pizzeria-gorilla.de\/?page_id=9"},"modified":"2026-03-23T08:43:44","modified_gmt":"2026-03-23T06:43:44","slug":"gorilla-solo-pizza","status":"publish","type":"page","link":"https:\/\/www.pizzeria-gorilla.de\/","title":{"rendered":"Gorilla Pizza &#038; mehr"},"content":{"rendered":"<div class=\"mobile-menu\">\n<ul>\n<li style=\"list-style-type: none;\">\n<ul>\n<li style=\"list-style-type: none;\">\n<ul>\n<li><a href=\"https:\/\/www.pizzeria-gorilla.de\/#branding\">\u00dcber Uns<\/a><\/li>\n<li><a href=\"https:\/\/www.pizzeria-gorilla.de\/#zeiten\">Zeiten<\/a><\/li>\n<li><a href=\"https:\/\/www.pizzeria-gorilla.de\/#speisekarte\">Speisekarte<\/a><\/li>\n<li><a href=\"https:\/\/www.pizzeria-gorilla.de\/#angebote\">Angebote<\/a><\/li>\n<li><a href=\"https:\/\/www.pizzeria-gorilla.de\/#galerie\">Galerie<\/a><\/li>\n<\/ul>\n<\/li>\n<\/ul>\n<\/li>\n<\/ul>\n<\/div>\n<section id=\"tel\">\n<h3><strong>Tel. <a href=\"tel:+4986190995022\">0861 \/ 90 99 50 22<\/a><\/strong><\/h3>\n<p><img loading=\"lazy\" decoding=\"async\" class=\"alignnone size-full wp-image-27\" src=\"https:\/\/www.pizzeria-gorilla.de\/wp-content\/uploads\/2013\/02\/line.png\" alt=\"line\" width=\"519\" height=\"14\" srcset=\"https:\/\/www.pizzeria-gorilla.de\/wp-content\/uploads\/2013\/02\/line.png 519w, https:\/\/www.pizzeria-gorilla.de\/wp-content\/uploads\/2013\/02\/line-300x8.png 300w, https:\/\/www.pizzeria-gorilla.de\/wp-content\/uploads\/2013\/02\/line-500x13.png 500w, https:\/\/www.pizzeria-gorilla.de\/wp-content\/uploads\/2013\/02\/line-485x14.png 485w\" sizes=\"auto, (max-width: 519px) 100vw, 519px\" \/><span style=\"font-variant-caps: normal;\">Reservierungen &amp; Bestellungen<br \/>\n<\/span><span style=\"font-variant-caps: normal;\">nur telefonisch oder pers\u00f6nlich,<br \/>\n<\/span><span style=\"font-variant-caps: normal;\">direkt bei uns im Restaurant.<\/span><img loading=\"lazy\" decoding=\"async\" class=\"alignnone size-full wp-image-27\" style=\"font-variant-caps: normal;\" src=\"https:\/\/www.pizzeria-gorilla.de\/wp-content\/uploads\/2013\/02\/line.png\" alt=\"line\" width=\"519\" height=\"14\" srcset=\"https:\/\/www.pizzeria-gorilla.de\/wp-content\/uploads\/2013\/02\/line.png 519w, https:\/\/www.pizzeria-gorilla.de\/wp-content\/uploads\/2013\/02\/line-300x8.png 300w, https:\/\/www.pizzeria-gorilla.de\/wp-content\/uploads\/2013\/02\/line-500x13.png 500w, https:\/\/www.pizzeria-gorilla.de\/wp-content\/uploads\/2013\/02\/line-485x14.png 485w\" sizes=\"auto, (max-width: 519px) 100vw, 519px\" \/><img loading=\"lazy\" decoding=\"async\" class=\"alignnone wp-image-1461 size-large\" src=\"https:\/\/www.pizzeria-gorilla.de\/wp-content\/uploads\/2026\/03\/Gorilla_wirsindzurueck_A1_v03-scaled.jpg\" alt=\"\" width=\"584\" height=\"824\" \/><\/p>\n<\/section>\n<section id=\"ueber-uns\">\n<h3>Was?<\/h3>\n<p>Pizza-Klassiker &amp; neu-inspirierte<br \/>\nKreationen laden vor Ort,<br \/>\noder &#8211;\u00a0einfach mitgenommen &#8211;<br \/>\nzu Hause zum genie\u00dfen ein<\/p>\n<h3>Wie?<\/h3>\n<p>frische regionale &amp; original<br \/>\nitalienische Zutaten kommen hier,<br \/>\nim etwas anderen Ambiente,<br \/>\n&#8222;aufs Pizzablech&#8220;<\/p>\n<h3>Wo?<\/h3>\n<p>Schaumburger Str.15<br \/>\n83278 Traunstein<\/p>\n<\/section>\n<p><img loading=\"lazy\" decoding=\"async\" class=\"alignnone size-full wp-image-27\" src=\"https:\/\/www.pizzeria-gorilla.de\/wp-content\/uploads\/2013\/02\/line.png\" alt=\"line\" width=\"519\" height=\"14\" srcset=\"https:\/\/www.pizzeria-gorilla.de\/wp-content\/uploads\/2013\/02\/line.png 519w, https:\/\/www.pizzeria-gorilla.de\/wp-content\/uploads\/2013\/02\/line-300x8.png 300w, https:\/\/www.pizzeria-gorilla.de\/wp-content\/uploads\/2013\/02\/line-500x13.png 500w, https:\/\/www.pizzeria-gorilla.de\/wp-content\/uploads\/2013\/02\/line-485x14.png 485w\" sizes=\"auto, (max-width: 519px) 100vw, 519px\" \/><\/p>\n<section id=\"zeiten\">\n<h3>Wann?<\/h3>\n<p><strong>Dienstag bis Samstag<\/strong><br \/>\n11.30 &#8211; 14.00 Uhr<br \/>\n17.30 &#8211; 22.00 Uhr<\/p>\n<p>&nbsp;<\/p>\n<\/section>\n<p><img loading=\"lazy\" decoding=\"async\" class=\"alignnone size-full wp-image-27\" src=\"https:\/\/www.pizzeria-gorilla.de\/wp-content\/uploads\/2013\/02\/line.png\" alt=\"line\" width=\"519\" height=\"14\" srcset=\"https:\/\/www.pizzeria-gorilla.de\/wp-content\/uploads\/2013\/02\/line.png 519w, https:\/\/www.pizzeria-gorilla.de\/wp-content\/uploads\/2013\/02\/line-300x8.png 300w, https:\/\/www.pizzeria-gorilla.de\/wp-content\/uploads\/2013\/02\/line-500x13.png 500w, https:\/\/www.pizzeria-gorilla.de\/wp-content\/uploads\/2013\/02\/line-485x14.png 485w\" sizes=\"auto, (max-width: 519px) 100vw, 519px\" \/><\/p>\n<section id=\"speisekarte\">\n<h3>Speisekarte<\/h3>\n<p><a href=\"https:\/\/www.pizzeria-gorilla.de\/wp-content\/uploads\/2018\/02\/GOR_Speisekarte_Download.pdf.zip\">Zum Download<\/a><br \/>\noder<br \/>\nOnline durchbl\u00e4ttern<br \/>\n<div style=\"display:block\">\n<!-- FlowPaper PDF flipbook plugin v.2.0.6 wordpress.org\/plugins\/flowpaper\/ -->\n<iframe title=\"FlowPaper flipbook pdf viewer\" width=\"100%\" height=\"500\" scrolling=\"no\" class=\"flowpaper-class\" frameborder=\"0\" allowFullScreen=\"true\" lightbox=\"false\" cover id src = \"https:\/\/flowpaper.com\/flipbook\/?pdf=https:\/\/www.pizzeria-gorilla.de\/wp-content\/uploads\/2026\/03\/20260312_Gorilla_Speisekarte_Q4_web.pdf?wp-hosted=1&title=&header=&theme=&singlepage=&thumbs=1&modified=260323843\" seamless=\"seamless\" style=\"margin-bottom:0;display:block;\">Your browser does not seem to support iframes. <a href=\"https:\/\/flowpaper.com\/flipbook\/?pdf=https:\/\/www.pizzeria-gorilla.de\/wp-content\/uploads\/2026\/03\/20260312_Gorilla_Speisekarte_Q4_web.pdf?wp-hosted=1\" target=\"_blank\">Click here to read this PDF<\/a>.<\/iframe>\n<div id=\"flowpaper-logo-bottom\" class=\"flowpaper-logo-bg\" style=\"background:linear-gradient(to right, rgba(0,0,0,0.65) 0%,rgba(0,0,0,0) 200px);width:100%;height:19px; padding-bottom: 1px; padding-left: 5px; padding-right: 10px; display: flex; align-items: center;z-index:9999\"><span style=\"height: 37px; padding-left: 6px;width:90%\"> <a id=\"flowpaper-link\" style=\"fill: #fff\" alt=\"FlowPaper logotype\" title=\"FlowPaper logotype\" href=\"https:\/\/flowpaper.com\" target=\"_blank\"> <img decoding=\"async\" alt=\"Publish PDF flipbooks online\" style=\"height:17px;width:auto;margin-top:11px;\" src=\"https:\/\/www.pizzeria-gorilla.de\/wp-content\/plugins\/flowpaper-lite-pdf-flipbook\/assets\/flowpaper-logo.png\" border=\"0\"> <\/a> <\/span><span style=\" float: right; right: 0; font-size: 10px; white-space: nowrap; opacity:0.8\"><a href=\"https:\/\/flowpaper.com\/flipbook-maker\/\" target=\"_new\" style=\"text-decoration:none;border-bottom:none;\">Created using FlowPaper Flipbook Maker &#8599;<\/a><\/span><\/div><\/div>\r\n                <script>\r\n                document.addEventListener(\"DOMContentLoaded\", function(){\r\n                    var target_element, iframe_element;\r\n                    iframe_element = document.querySelector(\"iframe.flowpaper-class\");\r\n                    target_element = document.querySelector(\"\");\r\n                    iframe_element.style.height = target_element.offsetHeight + \"px\";\r\n                });\r\n                <\/script>\r\n            <\/p>\n<\/section>\n<p><img loading=\"lazy\" decoding=\"async\" class=\"alignnone wp-image-27 size-full\" src=\"https:\/\/www.pizzeria-gorilla.de\/wp-content\/uploads\/2013\/02\/line.png\" alt=\"line\" width=\"519\" height=\"14\" srcset=\"https:\/\/www.pizzeria-gorilla.de\/wp-content\/uploads\/2013\/02\/line.png 519w, https:\/\/www.pizzeria-gorilla.de\/wp-content\/uploads\/2013\/02\/line-300x8.png 300w, https:\/\/www.pizzeria-gorilla.de\/wp-content\/uploads\/2013\/02\/line-500x13.png 500w, https:\/\/www.pizzeria-gorilla.de\/wp-content\/uploads\/2013\/02\/line-485x14.png 485w\" sizes=\"auto, (max-width: 519px) 100vw, 519px\" \/><\/p>\n<section id=\"angebote\">\n<h3>UNSERE EMPFEHLUNG<\/h3>\n<p>Wir arbeiten an neuen Tagesempfehlungen.<\/p>\n<p><!--Nur abends g\u00fcltig!--><\/p>\n<div><!-- ********** ANGEBOTSBEREICH! ********** --><\/div>\n<p><!--\n\n\n<div class=\"angebotsbereich\">\n\n\n<div class=\"angebotsbereich\"><span class=\"angebot-gericht\" style=\"font-variant-caps: normal;\">Bruschette mit Ziegenk\u00e4se-Creme, Feigensenf &amp; gegrillten Kr\u00e4uterseitlingen <\/span><span class=\"angebot-preis\" style=\"font-variant-caps: normal;\">9,90 \u20ac<\/span><\/div>\n\n\n\n\n<div class=\"angebotsbereich\"><span class=\"angebot-gericht\" style=\"font-variant-caps: normal;\">Spaghetti Arrabbiata mit Kalamata-Oliven, Kapern, Rucola &amp; B\u00fcffelmozzarella <\/span><span class=\"angebot-preis\" style=\"font-variant-caps: normal;\">17,90 \u20ac<\/span><\/div>\n\n\n\n\n<div class=\"angebotsbereich\"><span class=\"angebot-gericht\" style=\"font-variant-caps: normal;\">Pizza mit geger\u00f6stetem Blumenkohl, Hollandaise, B\u00fcffelmozzarella, R\u00f6stzwiebeln &amp; frischem Blattspinat <\/span><span class=\"angebot-preis\" style=\"font-variant-caps: normal;\">18,90 \u20ac<\/span><\/div>\n\n\n\n\n<div class=\"angebotsbereich\"><span class=\"angebot-gericht\" style=\"font-variant-caps: normal;\">HNT - The Berry Spritz <\/span><span class=\"angebot-preis\" style=\"font-variant-caps: normal;\">7,90 \u20ac<\/span><\/div>\n\n\n--><br \/>\n<!--\n\n\n<div class=\"angebotsbereich\"><span class=\"angebot-gericht\" style=\"font-variant-caps: normal;\">HNT - The Berry Tonic <\/span><span class=\"angebot-preis\" style=\"font-variant-caps: normal;\">8,90 \u20ac<\/span><\/div>\n\n\n--><br \/>\n<!--<img loading=\"lazy\" decoding=\"async\" class=\"alignnone wp-image-27 size-full\" src=\"https:\/\/www.pizzeria-gorilla.de\/wp-content\/uploads\/2013\/02\/line.png\" alt=\"line\" width=\"519\" height=\"14\" srcset=\"https:\/\/www.pizzeria-gorilla.de\/wp-content\/uploads\/2013\/02\/line.png 519w, https:\/\/www.pizzeria-gorilla.de\/wp-content\/uploads\/2013\/02\/line-300x8.png 300w, https:\/\/www.pizzeria-gorilla.de\/wp-content\/uploads\/2013\/02\/line-500x13.png 500w, https:\/\/www.pizzeria-gorilla.de\/wp-content\/uploads\/2013\/02\/line-485x14.png 485w\" sizes=\"auto, (max-width: 519px) 100vw, 519px\" \/>\n--><\/p>\n<\/section>\n<p><img loading=\"lazy\" decoding=\"async\" class=\"alignnone wp-image-27 size-full\" src=\"https:\/\/www.pizzeria-gorilla.de\/wp-content\/uploads\/2013\/02\/line.png\" alt=\"line\" width=\"519\" height=\"14\" srcset=\"https:\/\/www.pizzeria-gorilla.de\/wp-content\/uploads\/2013\/02\/line.png 519w, https:\/\/www.pizzeria-gorilla.de\/wp-content\/uploads\/2013\/02\/line-300x8.png 300w, https:\/\/www.pizzeria-gorilla.de\/wp-content\/uploads\/2013\/02\/line-500x13.png 500w, https:\/\/www.pizzeria-gorilla.de\/wp-content\/uploads\/2013\/02\/line-485x14.png 485w\" sizes=\"auto, (max-width: 519px) 100vw, 519px\" \/><\/p>\n<section id=\"galerie\">\n<h3>Galerie<\/h3>\n<div class=\"slider-box\">\n<div class=\"slider-border\"><\/div>\n<div class=\"slider-itself\"><div class=\"responsive-slider flexslider\"><ul class=\"slides\"><li><div id=\"slide-144\" class=\"slide\"><img loading=\"lazy\" decoding=\"async\" width=\"485\" height=\"395\" src=\"https:\/\/www.pizzeria-gorilla.de\/wp-content\/uploads\/2022\/03\/OriginalPhoto-668167505.992113-scaled-e1647932487768-485x395.jpg\" class=\"slide-thumbnail wp-post-image\" alt=\"Tresen Gorilla\" \/><h2 class=\"slide-title\"><a href=\"\" title=\"Tafel_aussen\" >Tafel_aussen<\/a><\/h2><\/div><!-- #slide-x --><\/li><li><div id=\"slide-128\" class=\"slide\"><img loading=\"lazy\" decoding=\"async\" width=\"485\" height=\"395\" src=\"https:\/\/www.pizzeria-gorilla.de\/wp-content\/uploads\/2022\/03\/OriginalPhoto-668167368.879804-scaled-e1647932321717-485x395.jpg\" class=\"slide-thumbnail wp-post-image\" alt=\"\" \/><h2 class=\"slide-title\"><a href=\"\" title=\"Blume\" >Blume<\/a><\/h2><\/div><!-- #slide-x --><\/li><li><div id=\"slide-143\" class=\"slide\"><img loading=\"lazy\" decoding=\"async\" width=\"485\" height=\"395\" src=\"https:\/\/www.pizzeria-gorilla.de\/wp-content\/uploads\/2022\/03\/OriginalPhoto-668167343.600058-scaled-e1647932595131-485x395.jpg\" class=\"slide-thumbnail wp-post-image\" alt=\"Hai\" \/><h2 class=\"slide-title\"><a href=\"\" title=\"Hai\" >Hai<\/a><\/h2><\/div><!-- #slide-x --><\/li><li><div id=\"slide-140\" class=\"slide\"><img loading=\"lazy\" decoding=\"async\" width=\"485\" height=\"395\" src=\"https:\/\/www.pizzeria-gorilla.de\/wp-content\/uploads\/2022\/03\/OriginalPhoto-668167431.647712-scaled-e1647932684530-485x395.jpg\" class=\"slide-thumbnail wp-post-image\" alt=\"Lampe\" \/><h2 class=\"slide-title\"><a href=\"\" title=\"Lampe\" >Lampe<\/a><\/h2><\/div><!-- #slide-x --><\/li><li><div id=\"slide-137\" class=\"slide\"><img loading=\"lazy\" decoding=\"async\" width=\"485\" height=\"395\" src=\"https:\/\/www.pizzeria-gorilla.de\/wp-content\/uploads\/2022\/03\/OriginalPhoto-668167457.622233-scaled-e1647931536990-485x395.jpg\" class=\"slide-thumbnail wp-post-image\" alt=\"Innen\" \/><h2 class=\"slide-title\"><a href=\"\" title=\"Innen1\" >Innen1<\/a><\/h2><\/div><!-- #slide-x --><\/li><li><div id=\"slide-142\" class=\"slide\"><img loading=\"lazy\" decoding=\"async\" width=\"485\" height=\"395\" src=\"https:\/\/www.pizzeria-gorilla.de\/wp-content\/uploads\/2022\/03\/OriginalPhoto-668167388.753738-scaled-e1647932809698-485x395.jpg\" class=\"slide-thumbnail wp-post-image\" alt=\"Kerzenglas\" \/><h2 class=\"slide-title\"><a href=\"\" title=\"Kerzenglas\" >Kerzenglas<\/a><\/h2><\/div><!-- #slide-x --><\/li><li><div id=\"slide-133\" class=\"slide\"><img loading=\"lazy\" decoding=\"async\" width=\"485\" height=\"395\" src=\"https:\/\/www.pizzeria-gorilla.de\/wp-content\/uploads\/2022\/03\/OriginalPhoto-668167538.145381-scaled-e1647933175165-485x395.jpg\" class=\"slide-thumbnail wp-post-image\" alt=\"\" \/><h2 class=\"slide-title\"><a href=\"\" title=\"Kaffee\" >Kaffee<\/a><\/h2><\/div><!-- #slide-x --><\/li><li><div id=\"slide-139\" class=\"slide\"><img loading=\"lazy\" decoding=\"async\" width=\"485\" height=\"395\" src=\"https:\/\/www.pizzeria-gorilla.de\/wp-content\/uploads\/2022\/03\/OriginalPhoto-668167450.386189-scaled-e1647932251187-485x395.jpg\" class=\"slide-thumbnail wp-post-image\" alt=\"LampeWand\" \/><h2 class=\"slide-title\"><a href=\"\" title=\"LampeWand\" >LampeWand<\/a><\/h2><\/div><!-- #slide-x --><\/li><li><div id=\"slide-136\" class=\"slide\"><img loading=\"lazy\" decoding=\"async\" width=\"485\" height=\"395\" src=\"https:\/\/www.pizzeria-gorilla.de\/wp-content\/uploads\/2022\/03\/OriginalPhoto-668167279.835124-scaled-e1647932123978-485x395.jpg\" class=\"slide-thumbnail wp-post-image\" alt=\"\" \/><h2 class=\"slide-title\"><a href=\"\" title=\"Innen3\" >Innen3<\/a><\/h2><\/div><!-- #slide-x --><\/li><li><div id=\"slide-145\" class=\"slide\"><img loading=\"lazy\" decoding=\"async\" width=\"485\" height=\"395\" src=\"https:\/\/www.pizzeria-gorilla.de\/wp-content\/uploads\/2022\/03\/OriginalPhoto-668167312.255718-scaled-e1647932904500-485x395.jpg\" class=\"slide-thumbnail wp-post-image\" alt=\"Tisch10\" \/><h2 class=\"slide-title\"><a href=\"\" title=\"Tisch10\" >Tisch10<\/a><\/h2><\/div><!-- #slide-x --><\/li><\/ul><\/div><!-- #featured-content --><\/div>\n<\/div>\n<\/section>\n<p><img loading=\"lazy\" decoding=\"async\" class=\"alignnone size-full wp-image-27\" src=\"https:\/\/www.pizzeria-gorilla.de\/wp-content\/uploads\/2013\/02\/line.png\" alt=\"line\" width=\"519\" height=\"14\" srcset=\"https:\/\/www.pizzeria-gorilla.de\/wp-content\/uploads\/2013\/02\/line.png 519w, https:\/\/www.pizzeria-gorilla.de\/wp-content\/uploads\/2013\/02\/line-300x8.png 300w, https:\/\/www.pizzeria-gorilla.de\/wp-content\/uploads\/2013\/02\/line-500x13.png 500w, https:\/\/www.pizzeria-gorilla.de\/wp-content\/uploads\/2013\/02\/line-485x14.png 485w\" sizes=\"auto, (max-width: 519px) 100vw, 519px\" \/><\/p>\n","protected":false},"excerpt":{"rendered":"<p>\u00dcber Uns Zeiten Speisekarte Angebote Galerie Tel. 0861 \/ 90 99 50 22 Reservierungen &amp; Bestellungen nur telefonisch oder pers\u00f6nlich, direkt bei uns im Restaurant. Was? Pizza-Klassiker &amp; neu-inspirierte Kreationen laden vor Ort, oder &#8211;\u00a0einfach mitgenommen &#8211; zu Hause zum &hellip; <a href=\"https:\/\/www.pizzeria-gorilla.de\/?slides=145\">Weiterlesen <span class=\"meta-nav\">&rarr;<\/span><\/a><\/p>\n","protected":false},"author":1,"featured_media":0,"parent":0,"menu_order":0,"comment_status":"closed","ping_status":"closed","template":"sidebar-page.php","meta":{"footnotes":""},"class_list":["post-9","page","type-page","status-publish","hentry"],"_links":{"self":[{"href":"https:\/\/www.pizzeria-gorilla.de\/index.php?rest_route=\/wp\/v2\/pages\/9","targetHints":{"allow":["GET"]}}],"collection":[{"href":"https:\/\/www.pizzeria-gorilla.de\/index.php?rest_route=\/wp\/v2\/pages"}],"about":[{"href":"https:\/\/www.pizzeria-gorilla.de\/index.php?rest_route=\/wp\/v2\/types\/page"}],"author":[{"embeddable":true,"href":"https:\/\/www.pizzeria-gorilla.de\/index.php?rest_route=\/wp\/v2\/users\/1"}],"replies":[{"embeddable":true,"href":"https:\/\/www.pizzeria-gorilla.de\/index.php?rest_route=%2Fwp%2Fv2%2Fcomments&post=9"}],"version-history":[{"count":799,"href":"https:\/\/www.pizzeria-gorilla.de\/index.php?rest_route=\/wp\/v2\/pages\/9\/revisions"}],"predecessor-version":[{"id":1487,"href":"https:\/\/www.pizzeria-gorilla.de\/index.php?rest_route=\/wp\/v2\/pages\/9\/revisions\/1487"}],"wp:attachment":[{"href":"https:\/\/www.pizzeria-gorilla.de\/index.php?rest_route=%2Fwp%2Fv2%2Fmedia&parent=9"}],"curies":[{"name":"wp","href":"https:\/\/api.w.org\/{rel}","templated":true}]}}