{"id":105,"date":"2013-03-17T16:46:28","date_gmt":"2013-03-17T14:46:28","guid":{"rendered":"http:\/\/www.pizzeria-gorilla.de\/?page_id=105"},"modified":"2026-03-27T13:00:06","modified_gmt":"2026-03-27T11:00:06","slug":"impressum","status":"publish","type":"page","link":"https:\/\/www.pizzeria-gorilla.de\/?page_id=105","title":{"rendered":"Impressum"},"content":{"rendered":"<div class=\"mobile-menu\">\n<ul>\n<li><a href=\"https:\/\/www.pizzeria-gorilla.de\">\u00dcber Uns<\/a><\/li>\n<li><a href=\"https:\/\/www.pizzeria-gorilla.de\/#zeiten\">Zeiten<\/a><\/li>\n<li><a href=\"https:\/\/www.pizzeria-gorilla.de\/#speisekarte\">Speisekarte<\/a><\/li>\n<li><a href=\"https:\/\/www.pizzeria-gorilla.de\/#angebote\">Angebote<\/a><\/li>\n<li><a href=\"https:\/\/www.pizzeria-gorilla.de\/#galerie\">Galerie<\/a><\/li>\n<\/ul>\n<\/div>\n<section class=\"impressum\">\n<h3>Impressum<\/h3>\n<div class=\"zeiten-area\"><span class=\"zeiten-norm\"><span class=\"zeiten-norm\"><strong>(Rechnungs-)Anschrift:<\/strong><br \/>\n<span class=\"zeiten-norm\">Brauerei-Ausschank Schnitzlbaumer GmbH<\/span><br \/>\n<span class=\"zeiten-norm\">Pizzeria Gorilla<\/span><br \/>\n<span class=\"zeiten-norm\">Schaumburger Str. 15<\/span><br \/>\n<span class=\"zeiten-norm\">83278 Traunstein<\/span><\/span><\/span><span class=\"zeiten-norm\"><strong>Angaben gem\u00e4\u00df \u00a7 5 TMG:<\/strong><br \/>\n<\/span><span class=\"zeiten-norm\">Brauerei-Ausschank Schnitzlbaumer GmbH<\/span><span class=\"zeiten-norm\"><br \/>\nTaubenmarkt 11a \u2013 13<\/span><br \/>\n<span class=\"zeiten-norm\">D \u2013 83278 Traunstein<\/span><span class=\"zeiten-norm\">Vertreten durch:<br \/>\nPhilipp Frauend\u00f6rfer<\/span><\/p>\n<p><span class=\"zeiten-bold\">Telefon:<\/span><span class=\"zeiten-norm\">0861\/90995022<\/span><br \/>\n<span class=\"zeiten-bold\">Email:<\/span><span class=\"zeiten-norm\"><a href=\"mailto:info@pizzeria-gorilla.de\">amore@pizzeria-gorilla.de<\/a><\/span><\/p>\n<p><span class=\"zeiten-norm\">Umsatzsteuer-Identifikationsnummer gem\u00e4\u00df \u00a727 a Umsatzsteuergesetz: DE 294996559<\/span><\/p>\n<\/div>\n<p>&nbsp;<\/p>\n<div class=\"impressum-left-area\"><span class=\"zeiten-bold\">Haftung f\u00fcr Inhalte:<\/span><br \/>\n<span class=\"zeiten-norm\"> Als Diensteanbieter sind wir gem\u00e4\u00df \u00a7 7 Abs.1 TMG f\u00fcr eigene Inhalte auf diesen Seiten nach den allgemeinen Gesetzen verantwortlich. Nach \u00a7\u00a7 8 bis 10 TMG sind wir als Diensteanbieter jedoch nicht verpflichtet, \u00fcbermittelte oder gespeicherte fremde Informationen zu \u00fcberwachen oder nach Umst\u00e4nden zu forschen, die auf eine rechtswidrige T\u00e4tigkeit hinweisen.<br \/>\nVerpflichtungen zur Entfernung oder Sperrung der Nutzung von Informationen nach den allgemeinen Gesetzen bleiben hiervon unber\u00fchrt. Eine diesbez\u00fcgliche Haftung ist jedoch erst ab dem Zeitpunkt der Kenntnis einer konkreten Rechtsverletzung m\u00f6glich. Bei Bekanntwerden von entsprechenden Rechtsverletzungen werden wir diese Inhalte umgehend entfernen.<br \/>\n<\/span><br \/>\n<span class=\"zeiten-bold\">Haftung f\u00fcr Links:<\/span><br \/>\n<span class=\"zeiten-norm\"> Unser Angebot enth\u00e4lt Links zu externen Websites Dritter, auf deren Inhalte wir keinen Einfluss haben. Deshalb k\u00f6nnen wir f\u00fcr diese fremden Inhalte auch keine Gew\u00e4hr \u00fcbernehmen. F\u00fcr die Inhalte der verlinkten Seiten ist stets der jeweilige Anbieter oder Betreiber der Seiten verantwortlich. Die verlinkten Seiten wurden zum Zeitpunkt der Verlinkung auf m\u00f6gliche Rechtsverst\u00f6\u00dfe \u00fcberpr\u00fcft. Rechtswidrige Inhalte waren zum Zeitpunkt der Verlinkung nicht erkennbar.<br \/>\nEine permanente inhaltliche Kontrolle der verlinkten Seiten ist jedoch ohne konkrete Anhaltspunkte einer Rechtsverletzung nicht zumutbar. Bei Bekanntwerden von Rechtsverletzungen werden wir derartige Links umgehend entfernen.<br \/>\n<\/span><br \/>\n<span class=\"zeiten-bold\">Urheberrecht:<\/span><br \/>\n<span class=\"zeiten-norm\"> Die durch die Seitenbetreiber erstellten Inhalte und Werke auf diesen Seiten unterliegen dem deutschen Urheberrecht. Die Vervielf\u00e4ltigung, Bearbeitung, Verbreitung und jede Art der Verwertung au\u00dferhalb der Grenzen des Urheberrechtes bed\u00fcrfen der schriftlichen Zustimmung des jeweiligen Autors bzw. Erstellers. Downloads und Kopien dieser Seite sind nur f\u00fcr den privaten, nicht kommerziellen Gebrauch gestattet.<br \/>\nSoweit die Inhalte auf dieser Seite nicht vom Betreiber erstellt wurden, werden die Urheberrechte Dritter beachtet. Insbesondere werden Inhalte Dritter als solche gekennzeichnet. Sollten Sie trotzdem auf eine Urheberrechtsverletzung aufmerksam werden, bitten wir um einen entsprechenden Hinweis. Bei Bekanntwerden von Rechtsverletzungen werden wir derartige Inhalte umgehend entfernen.<br \/>\n<\/span><span class=\"zeiten-norm\"><em>* Quellenangaben: Das Impressum wurde mit Unterst\u00fctzung des Impressum-Generators von eRecht24.de erstellt. Die Datenschutzerkl\u00e4rung wurde auf Basis der Muster-Datenschutzerkl\u00e4rung der Deutschen Gesellschaft f\u00fcr Datenschutz sowie mit Unterst\u00fctzung des Datenschutzerkl\u00e4rungs-Generators der activeMind AG erstellt. <\/em><\/span><\/div>\n<\/section>\n","protected":false},"excerpt":{"rendered":"<p>\u00dcber Uns Zeiten Speisekarte Angebote Galerie Impressum (Rechnungs-)Anschrift: Brauerei-Ausschank Schnitzlbaumer GmbH Pizzeria Gorilla Schaumburger Str. 15 83278 TraunsteinAngaben gem\u00e4\u00df \u00a7 5 TMG: Brauerei-Ausschank Schnitzlbaumer GmbH Taubenmarkt 11a \u2013 13 D \u2013 83278 TraunsteinVertreten durch: Philipp Frauend\u00f6rfer Telefon:0861\/90995022 Email:amore@pizzeria-gorilla.de Umsatzsteuer-Identifikationsnummer gem\u00e4\u00df &hellip; <a href=\"https:\/\/www.pizzeria-gorilla.de\/?page_id=105\">Weiterlesen <span class=\"meta-nav\">&rarr;<\/span><\/a><\/p>\n","protected":false},"author":1,"featured_media":0,"parent":0,"menu_order":0,"comment_status":"closed","ping_status":"closed","template":"sidebar-page.php","meta":{"footnotes":""},"class_list":["post-105","page","type-page","status-publish","hentry"],"_links":{"self":[{"href":"https:\/\/www.pizzeria-gorilla.de\/index.php?rest_route=\/wp\/v2\/pages\/105","targetHints":{"allow":["GET"]}}],"collection":[{"href":"https:\/\/www.pizzeria-gorilla.de\/index.php?rest_route=\/wp\/v2\/pages"}],"about":[{"href":"https:\/\/www.pizzeria-gorilla.de\/index.php?rest_route=\/wp\/v2\/types\/page"}],"author":[{"embeddable":true,"href":"https:\/\/www.pizzeria-gorilla.de\/index.php?rest_route=\/wp\/v2\/users\/1"}],"replies":[{"embeddable":true,"href":"https:\/\/www.pizzeria-gorilla.de\/index.php?rest_route=%2Fwp%2Fv2%2Fcomments&post=105"}],"version-history":[{"count":70,"href":"https:\/\/www.pizzeria-gorilla.de\/index.php?rest_route=\/wp\/v2\/pages\/105\/revisions"}],"predecessor-version":[{"id":1502,"href":"https:\/\/www.pizzeria-gorilla.de\/index.php?rest_route=\/wp\/v2\/pages\/105\/revisions\/1502"}],"wp:attachment":[{"href":"https:\/\/www.pizzeria-gorilla.de\/index.php?rest_route=%2Fwp%2Fv2%2Fmedia&parent=105"}],"curies":[{"name":"wp","href":"https:\/\/api.w.org\/{rel}","templated":true}]}}